{"id":43,"date":"2025-09-22T09:57:35","date_gmt":"2025-09-22T09:57:35","guid":{"rendered":"https:\/\/senderismolibrilla.org\/?page_id=43"},"modified":"2025-09-22T10:03:29","modified_gmt":"2025-09-22T10:03:29","slug":"quien-somos","status":"publish","type":"page","link":"https:\/\/senderismolibrilla.org\/?page_id=43","title":{"rendered":"\u00bf Qui\u00e9n somos ?"},"content":{"rendered":"\n<p>La Asociaci\u00f3n de Senderismo de Librilla nace de la pasi\u00f3n compartida por la naturaleza, la monta\u00f1a y el deporte al aire libre.<\/p>\n\n\n\n<p> Somos un grupo de personas amantes de nuestro entorno que, a trav\u00e9s del senderismo y las excursiones, buscamos conocer y disfrutar los parajes naturales de la Regi\u00f3n de Murcia y alrededores.<\/p>\n\n\n\n<p>Fomentando a la vez la convivencia, el respeto al medio ambiente y el crecimiento personal.<\/p>\n\n\n\n<p>Nuestro principal objetivo es promover la actividad f\u00edsica saludable y el respeto por la naturaleza, realizando rutas y actividades aptas para todos los niveles y edades.<\/p>\n\n\n\n<p> Creemos que el senderismo no solo supone recorrer caminos, sino tambi\u00e9n crear v\u00ednculos, compartir experiencias y sensibilizar sobre la importancia de proteger nuestro entorno.<\/p>\n\n\n\n<p>Somos una asociaci\u00f3n abierta a todos los vecinos y amantes de Librilla y su entorno natural. <\/p>\n\n\n\n<p>Organizamos salidas, jornadas de convivencia y colaboramos con entidades locales para acercar el senderismo y sus valores a toda la comunidad. Juntos, descubrimos, aprendemos y celebramos la belleza de nuestro paisaje.<\/p>\n\n\n\n<p>Si te apasiona la naturaleza y quieres formar parte de una asociaci\u00f3n activa y acogedora, te invitamos a unirte y caminar con nosotros. <\/p>\n\n\n\n<p><\/p>\n","protected":false},"excerpt":{"rendered":"<p>La Asociaci\u00f3n de Senderismo de Librilla nace de la pasi\u00f3n compartida por la naturaleza, la monta\u00f1a y el deporte al aire libre. Somos un grupo de personas amantes de nuestro [&hellip;]<\/p>\n","protected":false},"author":1,"featured_media":0,"parent":0,"menu_order":0,"comment_status":"closed","ping_status":"closed","template":"","meta":{"_EventAllDay":false,"_EventTimezone":"","_EventStartDate":"","_EventEndDate":"","_EventStartDateUTC":"","_EventEndDateUTC":"","_EventShowMap":false,"_EventShowMapLink":false,"_EventURL":"","_EventCost":"","_EventCostDescription":"","_EventCurrencySymbol":"","_EventCurrencyCode":"","_EventCurrencyPosition":"","_EventDateTimeSeparator":"","_EventTimeRangeSeparator":"","_EventOrganizerID":[],"_EventVenueID":[],"_OrganizerEmail":"","_OrganizerPhone":"","_OrganizerWebsite":"","_VenueAddress":"","_VenueCity":"","_VenueCountry":"","_VenueProvince":"","_VenueState":"","_VenueZip":"","_VenuePhone":"","_VenueURL":"","_VenueStateProvince":"","_VenueLat":"","_VenueLng":"","_VenueShowMap":false,"_VenueShowMapLink":false,"footnotes":""},"class_list":["post-43","page","type-page","status-publish","hentry"],"_links":{"self":[{"href":"https:\/\/senderismolibrilla.org\/index.php?rest_route=\/wp\/v2\/pages\/43","targetHints":{"allow":["GET"]}}],"collection":[{"href":"https:\/\/senderismolibrilla.org\/index.php?rest_route=\/wp\/v2\/pages"}],"about":[{"href":"https:\/\/senderismolibrilla.org\/index.php?rest_route=\/wp\/v2\/types\/page"}],"author":[{"embeddable":true,"href":"https:\/\/senderismolibrilla.org\/index.php?rest_route=\/wp\/v2\/users\/1"}],"replies":[{"embeddable":true,"href":"https:\/\/senderismolibrilla.org\/index.php?rest_route=%2Fwp%2Fv2%2Fcomments&post=43"}],"version-history":[{"count":2,"href":"https:\/\/senderismolibrilla.org\/index.php?rest_route=\/wp\/v2\/pages\/43\/revisions"}],"predecessor-version":[{"id":48,"href":"https:\/\/senderismolibrilla.org\/index.php?rest_route=\/wp\/v2\/pages\/43\/revisions\/48"}],"wp:attachment":[{"href":"https:\/\/senderismolibrilla.org\/index.php?rest_route=%2Fwp%2Fv2%2Fmedia&parent=43"}],"curies":[{"name":"wp","href":"https:\/\/api.w.org\/{rel}","templated":true}]}}